{"id":710,"date":"2025-11-01T16:30:52","date_gmt":"2025-11-01T15:30:52","guid":{"rendered":"https:\/\/ad-fontes-regensburg.de\/?page_id=710"},"modified":"2025-11-01T16:30:52","modified_gmt":"2025-11-01T15:30:52","slug":"literaturempfehlungen-freimaurer-2-2","status":"publish","type":"page","link":"https:\/\/ad-fontes-regensburg.de\/?page_id=710","title":{"rendered":"Literaturempfehlungen f\u00fcr Interessenten und Freimaurer #2"},"content":{"rendered":"\n<div style=\"margin-top:0;margin-bottom:0;height:35px\" aria-hidden=\"true\" class=\"wp-block-spacer\"><\/div>\n\n\n\n<h3 class=\"wp-block-heading\">Im folgenden listen die Br\u00fcder der Johannis-Freimaurerloge <em>Ad Fontes<\/em> ihre Empfehlungen und Favoriten auf.<\/h3>\n\n\n\n<div style=\"height:63px\" aria-hidden=\"true\" class=\"wp-block-spacer\"><\/div>\n\n\n\n<h1 class=\"wp-block-heading\">Einstieg f\u00fcr Interessenten <\/h1>\n\n\n\n<div class=\"wp-block-media-text is-stacked-on-mobile\" style=\"grid-template-columns:30% auto\"><figure class=\"wp-block-media-text__media\"><img loading=\"lazy\" decoding=\"async\" width=\"752\" height=\"1024\" src=\"https:\/\/ad-fontes-regensburg.de\/wp-content\/uploads\/2025\/06\/FM_Dummies-752x1024.png\" alt=\"\" class=\"wp-image-297 size-full\" srcset=\"https:\/\/ad-fontes-regensburg.de\/wp-content\/uploads\/2025\/06\/FM_Dummies-752x1024.png 752w, https:\/\/ad-fontes-regensburg.de\/wp-content\/uploads\/2025\/06\/FM_Dummies-220x300.png 220w, https:\/\/ad-fontes-regensburg.de\/wp-content\/uploads\/2025\/06\/FM_Dummies-768x1046.png 768w, https:\/\/ad-fontes-regensburg.de\/wp-content\/uploads\/2025\/06\/FM_Dummies.png 1101w\" sizes=\"auto, (max-width: 752px) 100vw, 752px\" \/><\/figure><div class=\"wp-block-media-text__content\">\n<h2 class=\"wp-block-heading\">Freimaurer f\u00fcr Dummies<\/h2>\n\n\n\n<p>Autor: Christopher Hodapp<\/p>\n\n\n\n<p>Freimaurerei zum &#8222;Wegsnacken&#8220;. Das Thema wird in kleine Happen aufgeteilt, es macht Lust immer wieder reinzugreifen.&nbsp;Aber Vorsicht, zu viel auf einmal ist ungesund!<\/p>\n<\/div><\/div>\n\n\n\n<div class=\"wp-block-media-text is-stacked-on-mobile\" style=\"grid-template-columns:30% auto\"><figure class=\"wp-block-media-text__media\"><img loading=\"lazy\" decoding=\"async\" width=\"647\" height=\"1024\" src=\"https:\/\/ad-fontes-regensburg.de\/wp-content\/uploads\/2025\/06\/DieFM-647x1024.png\" alt=\"\" class=\"wp-image-296 size-full\" srcset=\"https:\/\/ad-fontes-regensburg.de\/wp-content\/uploads\/2025\/06\/DieFM-647x1024.png 647w, https:\/\/ad-fontes-regensburg.de\/wp-content\/uploads\/2025\/06\/DieFM-190x300.png 190w, https:\/\/ad-fontes-regensburg.de\/wp-content\/uploads\/2025\/06\/DieFM-768x1215.png 768w, https:\/\/ad-fontes-regensburg.de\/wp-content\/uploads\/2025\/06\/DieFM.png 948w\" sizes=\"auto, (max-width: 647px) 100vw, 647px\" \/><\/figure><div class=\"wp-block-media-text__content\">\n<h2 class=\"wp-block-heading\">Die Freimaurer Mythos und Geschichte&nbsp;<\/h2>\n\n\n\n<p>Autor: Matthias P\u00f6hlmann<\/p>\n\n\n\n<p>Der Autor unternimmt den Versuch, Historie und Wesen der Freimaurerei verst\u00e4ndlich und umfassend zu beschreiben. Das Literaturverzeichnis ist eine gute Quelle f\u00fcr eine vertiefte&nbsp;Auseinandersetzung mit dem Thema Freimaurerei. Der Autor legt Wert auf die Stellung der Freimaurerei im historischen, gesellschaftlichen und religi\u00f6sen Kontext.<\/p>\n<\/div><\/div>\n\n\n\n<div style=\"height:100px\" aria-hidden=\"true\" class=\"wp-block-spacer\"><\/div>\n\n\n\n<h1 class=\"wp-block-heading\">Freimaurertum im historischen Kontext<\/h1>\n\n\n\n<div class=\"wp-block-media-text is-stacked-on-mobile\" style=\"grid-template-columns:30% auto\"><figure class=\"wp-block-media-text__media\"><img loading=\"lazy\" decoding=\"async\" width=\"666\" height=\"1000\" src=\"https:\/\/ad-fontes-regensburg.de\/wp-content\/uploads\/2025\/06\/FM_60.jpg\" alt=\"\" class=\"wp-image-307 size-full\" srcset=\"https:\/\/ad-fontes-regensburg.de\/wp-content\/uploads\/2025\/06\/FM_60.jpg 666w, https:\/\/ad-fontes-regensburg.de\/wp-content\/uploads\/2025\/06\/FM_60-200x300.jpg 200w\" sizes=\"auto, (max-width: 666px) 100vw, 666px\" \/><\/figure><div class=\"wp-block-media-text__content\">\n<h2 class=\"wp-block-heading\">FREIMAURER in 60 Minuten&nbsp;<\/h2>\n\n\n\n<p>Autor: Philip Militz<\/p>\n\n\n\n<p>Weil sich die Faszination der Freimaurerei eigentlich nicht erlesen, sondern nur erleben l\u00e4sst, ist &#8222;Freimaurer in 60 Minuten&#8220; keine trockene Faktensammlung, sondern ein kurzweiliger Erfahrungsbericht aus der Perspektive eines Journalisten und engagierten Freimaurers<\/p>\n<\/div><\/div>\n\n\n\n<div class=\"wp-block-media-text is-stacked-on-mobile\" style=\"grid-template-columns:30% auto\"><figure class=\"wp-block-media-text__media\"><img loading=\"lazy\" decoding=\"async\" width=\"653\" height=\"1000\" src=\"https:\/\/ad-fontes-regensburg.de\/wp-content\/uploads\/2025\/06\/FM_JOhn_Dickie.jpg\" alt=\"\" class=\"wp-image-306 size-full\" srcset=\"https:\/\/ad-fontes-regensburg.de\/wp-content\/uploads\/2025\/06\/FM_JOhn_Dickie.jpg 653w, https:\/\/ad-fontes-regensburg.de\/wp-content\/uploads\/2025\/06\/FM_JOhn_Dickie-196x300.jpg 196w\" sizes=\"auto, (max-width: 653px) 100vw, 653px\" \/><\/figure><div class=\"wp-block-media-text__content\">\n<h2 class=\"wp-block-heading\">Die Freimaurer &#8211; der m\u00e4chtigste Geheimbund der Welt<\/h2>\n\n\n\n<p>Autor: John Dickie<\/p>\n\n\n\n<p><br>Der Historiker und Mafia-Experte John Dickie liefert die erste umfassende und seri\u00f6se Geschichte der Freimaurer \u2013 des Geheimbunds, der seit seiner Gr\u00fcndung im 18. Jahrhundert die Geschicke des Westens entscheidend mitbestimmt hat.<\/p>\n<\/div><\/div>\n\n\n\n<div style=\"height:100px\" aria-hidden=\"true\" class=\"wp-block-spacer\"><\/div>\n\n\n\n<h1 class=\"wp-block-heading\">\u00dcber das Wesen und die Ideen der Freimaurer &#8211; f\u00fcr Anspruchsvolle <\/h1>\n\n\n\n<div class=\"wp-block-media-text is-stacked-on-mobile\" style=\"grid-template-columns:30% auto\"><figure class=\"wp-block-media-text__media\"><img loading=\"lazy\" decoding=\"async\" width=\"178\" height=\"283\" src=\"https:\/\/ad-fontes-regensburg.de\/wp-content\/uploads\/2025\/06\/WirBauen.jpeg\" alt=\"\" class=\"wp-image-305 size-full\"\/><\/figure><div class=\"wp-block-media-text__content\">\n<h2 class=\"wp-block-heading\">Wir bauen den Tempel der Humanit\u00e4t&nbsp;<\/h2>\n\n\n\n<p>Autor: Alfried Lehner<\/p>\n\n\n\n<p>In Stuttgart trat er der Loge \u00abSarastro\u00bb bei. Ab 2006 war er Mitglied der Loge \u00abZur Katharinenlinde\u00bb in Esslingen am Neckar. Dar\u00fcber hinaus leitete Alfried Lehner viele Jahre das Ritualkollegium der Gro\u00dfloge der Alten Freien und Angenommenen Maurer von Deutschland. Sein Interesse galt vor allem der Philosophie, den Religionswissenschaften, der Mythologie, der Ornithologie, der klassischen Musik sowie der Kunstgeschichte. <\/p>\n<\/div><\/div>\n\n\n\n<div style=\"height:100px\" aria-hidden=\"true\" class=\"wp-block-spacer\"><\/div>\n\n\n\n<p><\/p>\n","protected":false},"excerpt":{"rendered":"<p>Im folgenden listen die Br\u00fcder der Johannis-Freimaurerloge Ad Fontes ihre Empfehlungen und Favoriten auf. Einstieg f\u00fcr Interessenten Freimaurer f\u00fcr Dummies Autor: Christopher Hodapp Freimaurerei zum &#8222;Wegsnacken&#8220;. Das Thema wird in kleine Happen aufgeteilt, es macht Lust immer wieder reinzugreifen.&nbsp;Aber Vorsicht, zu viel auf einmal ist ungesund! Die Freimaurer Mythos und Geschichte&nbsp; Autor: Matthias P\u00f6hlmann Der [&hellip;]<\/p>\n","protected":false},"author":1,"featured_media":55,"parent":0,"menu_order":0,"comment_status":"open","ping_status":"closed","template":"","meta":{"_monsterinsights_skip_tracking":false,"_monsterinsights_sitenote_active":false,"_monsterinsights_sitenote_note":"","_monsterinsights_sitenote_category":0,"footnotes":""},"class_list":["post-710","page","type-page","status-publish","has-post-thumbnail","hentry"],"aioseo_notices":[],"_links":{"self":[{"href":"https:\/\/ad-fontes-regensburg.de\/index.php?rest_route=\/wp\/v2\/pages\/710","targetHints":{"allow":["GET"]}}],"collection":[{"href":"https:\/\/ad-fontes-regensburg.de\/index.php?rest_route=\/wp\/v2\/pages"}],"about":[{"href":"https:\/\/ad-fontes-regensburg.de\/index.php?rest_route=\/wp\/v2\/types\/page"}],"author":[{"embeddable":true,"href":"https:\/\/ad-fontes-regensburg.de\/index.php?rest_route=\/wp\/v2\/users\/1"}],"replies":[{"embeddable":true,"href":"https:\/\/ad-fontes-regensburg.de\/index.php?rest_route=%2Fwp%2Fv2%2Fcomments&post=710"}],"version-history":[{"count":1,"href":"https:\/\/ad-fontes-regensburg.de\/index.php?rest_route=\/wp\/v2\/pages\/710\/revisions"}],"predecessor-version":[{"id":711,"href":"https:\/\/ad-fontes-regensburg.de\/index.php?rest_route=\/wp\/v2\/pages\/710\/revisions\/711"}],"wp:featuredmedia":[{"embeddable":true,"href":"https:\/\/ad-fontes-regensburg.de\/index.php?rest_route=\/wp\/v2\/media\/55"}],"wp:attachment":[{"href":"https:\/\/ad-fontes-regensburg.de\/index.php?rest_route=%2Fwp%2Fv2%2Fmedia&parent=710"}],"curies":[{"name":"wp","href":"https:\/\/api.w.org\/{rel}","templated":true}]}}