{"id":41,"date":"2025-02-27T19:04:03","date_gmt":"2025-02-27T19:04:03","guid":{"rendered":"https:\/\/ad-fontes-regensburg.de\/?page_id=41"},"modified":"2025-06-01T13:51:45","modified_gmt":"2025-06-01T11:51:45","slug":"kontakt","status":"publish","type":"page","link":"https:\/\/ad-fontes-regensburg.de\/?page_id=41","title":{"rendered":"Kontakt zur Freimaurerloge &#8222;Ad Fontes&#8220; Regensburg"},"content":{"rendered":"\n<div class=\"wp-block-group has-global-padding is-layout-constrained wp-block-group-is-layout-constrained\">\n<div style=\"height:53px\" aria-hidden=\"true\" class=\"wp-block-spacer\"><\/div>\n\n\n\n<div class=\"wp-block-group alignfull is-layout-flow wp-container-core-group-is-layout-1 wp-block-group-is-layout-flow\" style=\"margin-top:var(--wp--preset--spacing--20);margin-bottom:var(--wp--preset--spacing--20);padding-top:var(--wp--preset--spacing--30);padding-right:var(--wp--preset--spacing--30);padding-bottom:var(--wp--preset--spacing--30);padding-left:var(--wp--preset--spacing--30)\">\n<p><strong>Freimaurerloge und Bruderschaft<\/strong><\/p>\n\n\n\n<p>Sicher haben Sie, interessierter Leser, von diesen <a href=\"https:\/\/de.m.wikipedia.org\/wiki\/Freimaurerei\">Begriffen<\/a> schon mal geh\u00f6rt.<\/p>\n\n\n\n<p>Und gefragt, welche Geheimnisse sich dahinter verbergen.<\/p>\n\n\n\n<p>Nein, wir sind kein Geheimbund und verbergen uns auch nicht vor der \u00d6ffentlichkeit.<\/p>\n\n\n\n<p>Im Gegenteil: Wie Sie hier sehen, suchen wir diese.<\/p>\n\n\n\n<div style=\"height:40px\" aria-hidden=\"true\" class=\"wp-block-spacer\"><\/div>\n\n\n\n<p><strong>Wer sind wir?<\/strong><\/p>\n\n\n\n<p>Wir sind M\u00e4nner, die sich aus freien St\u00fccken zu einem Bruderbund zusammengefunden haben. Wir sind ein als <a href=\"https:\/\/de.wikipedia.org\/wiki\/Johannisloge\" title=\"\">Johannisloge<\/a> eingetragener Verein und stehen unter der Ob\u00f6dienz der Gro\u00dfloge \u201e<a href=\"https:\/\/de.m.wikipedia.org\/wiki\/Gro\u00dfe_National-Mutterloge_\u201eZu_den_drei_Weltkugeln\u201c\">Zu den Drei Weltkugeln<\/a>\u201c, der \u00e4ltesten Gro\u00dfloge Deutschlands (1740) <a href=\"https:\/\/3wk.org\">https:\/\/3wk.org<\/a><\/p>\n\n\n\n<div style=\"height:40px\" aria-hidden=\"true\" class=\"wp-block-spacer\"><\/div>\n\n\n\n<p><strong>Warum treffen wir uns?<\/strong><\/p>\n\n\n\n<p>Es ist unser Bestreben, an uns selbst zu arbeiten und dem Ziel einer humanistischen Lebensf\u00fchrung n\u00e4her zu kommen und dies zu leben. Freiheit, Gleichheit, Br\u00fcderlichkeit und Toleranz bilden dabei den obersten Wertekanon.<\/p>\n\n\n\n<div style=\"height:40px\" aria-hidden=\"true\" class=\"wp-block-spacer\"><\/div>\n\n\n\n<p><strong>Was machen wir?<\/strong><\/p>\n\n\n\n<p>Wir treffen uns im Schnitt 3 mal im Monat zu sog. Clubabenden wie auch zu Tempelarbeiten. Bei diesen <a href=\"https:\/\/de.m.wikipedia.org\/wiki\/Tempelarbeit\" title=\"\">Tempelarbeiten<\/a>, die in verschiedenen Graden bearbeitet werden, arbeiten wir mit alten Ritualtexten und in dem Ma\u00dfe, wie sich der Einzelne auf die Ritualzeremonie einl\u00e4sst, so meine pers\u00f6nliche Erfahrung, ereignen sich bisweilen kathartische wie auch erhebende Momente. Eine Tempelarbeit kann sein Ort des Insichgehens, kann Platz bieten f\u00fcr Meditation, kann sein der Raum echten Wir-Gef\u00fchls, kann sein Ort der Demut\u00a0 und Weisung, der Erfahrung und Besinnung.<\/p>\n\n\n\n<div style=\"height:41px\" aria-hidden=\"true\" class=\"wp-block-spacer\"><\/div>\n\n\n\n<p><strong>Wie versuchen wir, unserem Ziel n\u00e4her zu kommen?<\/strong><\/p>\n\n\n\n<p>Stetige Arbeit an sich selber im Alltag, selbstreflektierender offener Austausch unter den Br\u00fcdern sowie gemeinsame Erfahrung in der Tempelarbeit in den verschiedenen <a href=\"https:\/\/www.freimaurer-wiki.de\/index.php\/Grade\">Graden<\/a> sind der Weg.<\/p>\n\n\n\n<div style=\"height:21px\" aria-hidden=\"true\" class=\"wp-block-spacer\"><\/div>\n\n\n\n<p>Im 1. Grad (Lehrling) gilt: Schau in Dich!<\/p>\n\n\n\n<p>Im 2. Grad (Geselle) gilt: Schau um Dich!<\/p>\n\n\n\n<p>Im 3. Grad (Meister) gilt: Schau \u00fcber Dich!<\/p>\n\n\n\n<div style=\"height:40px\" aria-hidden=\"true\" class=\"wp-block-spacer\"><\/div>\n\n\n\n<p><strong>Was leitet uns und was sind unsere Ideale?<\/strong><\/p>\n\n\n\n<p>Die sogenannten <em><a href=\"https:\/\/www.freimaurer-wiki.de\/index.php\/Die_freimaurerischen_Grundregeln\">Alten Pflichten<\/a><\/em> von 1723 <strong>wirken<\/strong> bis heute und bestimmen das ideelle, moderne Bild des Freimaurertums der Gegenwart als Orientierung, aber keinesfalls als Vorschrift eines geschlossenen und starren Regelwerks. Allerdings unvereinbar und resistent gegen manipulierende Auslegungen sind Interpretationen hin zu einer \u201ev\u00f6lkischen Orientierung\u201c oder zum Atheismus als Ablehnung des \u201eGr\u00f6\u00dften Baumeister Aller Welten\u201c.<\/p>\n\n\n\n<p><\/p>\n\n\n\n<p>Das <strong>Wesen<\/strong> des modernen Freimaurertum ruht also nicht nur auf dem Fundament der <em><a href=\"https:\/\/freimaurer-wiki.de\/index.php\/Alte_Pflichten\">Alten Pflichten<\/a><\/em>, sondern auf aktuellen, neuzeitlichen <em>Landmarken<\/em> der verschiedenen Obedienzen.&nbsp;<\/p>\n\n\n\n<p>Letztendlich m\u00fcnden alle (alten) Pflichten und (neuen) Landmarken in der (heutigen) <a href=\"https:\/\/de.wikipedia.org\/wiki\/Humanismus\" title=\"\">humanit\u00e4ren<\/a> Freimaurerei, individualisiert und akzentuiert unter den Gro\u00dflogen verschiedenster Pr\u00e4gungen.<\/p>\n\n\n\n<p><\/p>\n\n\n\n<p>Als <strong>Orientierung<\/strong> f\u00fcr einen Interessenten verpflichtet sich ein Freimaurer&nbsp;<\/p>\n\n\n\n<ul class=\"wp-block-list\">\n<li>gegen\u00fcber der eigenen Person und gegen\u00fcber den Mitmenschen im pers\u00f6nlichen Umfeld,<\/li>\n\n\n\n<li>gegen\u00fcber der Loge und dem Freimaurerbund sowie<\/li>\n\n\n\n<li>gegen\u00fcber der Gesellschaft<\/li>\n<\/ul>\n\n\n\n<p>verbunden unter dem Symbol des Gr\u00f6\u00dften Baumeister aller Welten.&nbsp;<\/p>\n\n\n\n<div style=\"height:40px\" aria-hidden=\"true\" class=\"wp-block-spacer\"><\/div>\n\n\n\n<p><strong>Welche Bedeutung hat dies f\u00fcr Sie als Interessent?<\/strong><\/p>\n\n\n\n<p>Die inhaltliche und praktische Ausgestaltung bleibt jedem Bruder \u00fcberlassen. Wenn Sie m\u00f6gen, teilen Sie uns ihre Vorstellungen und Erwartungen mit &#8211; in groben Strichen im Kontaktformular und sp\u00e4ter in einem Telefonat, dem ein Treffen folgen kann.&nbsp;<\/p>\n\n\n\n<p>Bitte bedenken Sie: unser Forum ist ausschlie\u00dflich das pers\u00f6nliche Gespr\u00e4ch. Unser Austausch erfolgt nicht \u00fcber soziale Medien; dies als W\u00fcrdigung der Wertsch\u00e4tzung eines jeden Menschen, der seine Zeit und Aufmerksamkeit schenkt. &nbsp;<\/p>\n<\/div>\n<\/div>\n\n\n\n<div style=\"height:40px\" aria-hidden=\"true\" class=\"wp-block-spacer\"><\/div>\n\n\n\n\n<div class=\"wpcf7 no-js\" id=\"wpcf7-f72-o1\" lang=\"de-DE\" dir=\"ltr\" data-wpcf7-id=\"72\">\n<div class=\"screen-reader-response\"><p role=\"status\" aria-live=\"polite\" aria-atomic=\"true\"><\/p> <ul><\/ul><\/div>\n<form action=\"\/index.php?rest_route=%2Fwp%2Fv2%2Fpages%2F41#wpcf7-f72-o1\" method=\"post\" class=\"wpcf7-form init\" aria-label=\"Kontaktformular\" novalidate=\"novalidate\" data-status=\"init\">\n<fieldset class=\"hidden-fields-container\"><input type=\"hidden\" name=\"_wpcf7\" value=\"72\" \/><input type=\"hidden\" name=\"_wpcf7_version\" value=\"6.1.5\" \/><input type=\"hidden\" name=\"_wpcf7_locale\" value=\"de_DE\" \/><input type=\"hidden\" name=\"_wpcf7_unit_tag\" value=\"wpcf7-f72-o1\" \/><input type=\"hidden\" name=\"_wpcf7_container_post\" value=\"0\" \/><input type=\"hidden\" name=\"_wpcf7_posted_data_hash\" value=\"\" \/>\n<\/fieldset>\n<p><label> Dein Name<br \/>\n<span class=\"wpcf7-form-control-wrap\" data-name=\"your-name\"><input size=\"40\" maxlength=\"400\" class=\"wpcf7-form-control wpcf7-text wpcf7-validates-as-required\" autocomplete=\"name\" aria-required=\"true\" aria-invalid=\"false\" value=\"\" type=\"text\" name=\"your-name\" \/><\/span> <\/label>\n<\/p>\n<p><label> Deine E-Mail-Adresse<br \/>\n<span class=\"wpcf7-form-control-wrap\" data-name=\"your-email\"><input size=\"40\" maxlength=\"400\" class=\"wpcf7-form-control wpcf7-email wpcf7-validates-as-required wpcf7-text wpcf7-validates-as-email\" autocomplete=\"email\" aria-required=\"true\" aria-invalid=\"false\" value=\"\" type=\"email\" name=\"your-email\" \/><\/span> <\/label>\n<\/p>\n<p><label> Betreff<br \/>\n<span class=\"wpcf7-form-control-wrap\" data-name=\"your-subject\"><input size=\"40\" maxlength=\"400\" class=\"wpcf7-form-control wpcf7-text wpcf7-validates-as-required\" aria-required=\"true\" aria-invalid=\"false\" value=\"\" type=\"text\" name=\"your-subject\" \/><\/span> <\/label>\n<\/p>\n<p><label> Deine Nachricht (optional)<br \/>\n<span class=\"wpcf7-form-control-wrap\" data-name=\"your-message\"><textarea cols=\"40\" rows=\"10\" maxlength=\"2000\" class=\"wpcf7-form-control wpcf7-textarea\" aria-invalid=\"false\" name=\"your-message\"><\/textarea><\/span> <\/label>\n<\/p>\n<p><input class=\"wpcf7-form-control wpcf7-submit has-spinner\" type=\"submit\" value=\"Senden\" \/>\n<\/p><div class=\"wpcf7-response-output\" aria-hidden=\"true\"><\/div>\n<\/form>\n<\/div>\n\n\n\n\n<p><strong><mark style=\"background-color:rgba(0, 0, 0, 0);color:#1620f0\" class=\"has-inline-color\">Wir freuen uns auf Ihre Antwort und unser Gespr\u00e4ch.<\/mark><\/strong><\/p>\n\n\n\n<div style=\"height:40px\" aria-hidden=\"true\" class=\"wp-block-spacer\"><\/div>\n\n\n\n<p><\/p>\n","protected":false},"excerpt":{"rendered":"<p>Freimaurerloge und Bruderschaft Sicher haben Sie, interessierter Leser, von diesen Begriffen schon mal geh\u00f6rt. Und gefragt, welche Geheimnisse sich dahinter verbergen. Nein, wir sind kein Geheimbund und verbergen uns auch nicht vor der \u00d6ffentlichkeit. Im Gegenteil: Wie Sie hier sehen, suchen wir diese. Wer sind wir? Wir sind M\u00e4nner, die sich aus freien St\u00fccken zu [&hellip;]<\/p>\n","protected":false},"author":1,"featured_media":0,"parent":0,"menu_order":0,"comment_status":"closed","ping_status":"closed","template":"","meta":{"_monsterinsights_skip_tracking":false,"_monsterinsights_sitenote_active":false,"_monsterinsights_sitenote_note":"","_monsterinsights_sitenote_category":0,"footnotes":""},"class_list":["post-41","page","type-page","status-publish","hentry"],"aioseo_notices":[],"_links":{"self":[{"href":"https:\/\/ad-fontes-regensburg.de\/index.php?rest_route=\/wp\/v2\/pages\/41","targetHints":{"allow":["GET"]}}],"collection":[{"href":"https:\/\/ad-fontes-regensburg.de\/index.php?rest_route=\/wp\/v2\/pages"}],"about":[{"href":"https:\/\/ad-fontes-regensburg.de\/index.php?rest_route=\/wp\/v2\/types\/page"}],"author":[{"embeddable":true,"href":"https:\/\/ad-fontes-regensburg.de\/index.php?rest_route=\/wp\/v2\/users\/1"}],"replies":[{"embeddable":true,"href":"https:\/\/ad-fontes-regensburg.de\/index.php?rest_route=%2Fwp%2Fv2%2Fcomments&post=41"}],"version-history":[{"count":30,"href":"https:\/\/ad-fontes-regensburg.de\/index.php?rest_route=\/wp\/v2\/pages\/41\/revisions"}],"predecessor-version":[{"id":242,"href":"https:\/\/ad-fontes-regensburg.de\/index.php?rest_route=\/wp\/v2\/pages\/41\/revisions\/242"}],"wp:attachment":[{"href":"https:\/\/ad-fontes-regensburg.de\/index.php?rest_route=%2Fwp%2Fv2%2Fmedia&parent=41"}],"curies":[{"name":"wp","href":"https:\/\/api.w.org\/{rel}","templated":true}]}}