{"id":367,"date":"2025-11-01T16:38:20","date_gmt":"2025-11-01T15:38:20","guid":{"rendered":"https:\/\/ad-fontes-regensburg.de\/?page_id=367"},"modified":"2026-01-11T20:03:10","modified_gmt":"2026-01-11T19:03:10","slug":"ueber-uns-2-2","status":"publish","type":"page","link":"https:\/\/ad-fontes-regensburg.de\/?page_id=367","title":{"rendered":"\u00dcber uns"},"content":{"rendered":"\n<div style=\"height:13px\" aria-hidden=\"true\" class=\"wp-block-spacer\"><\/div>\n\n\n\n<p><strong>Ad fontes (lat.)&nbsp;<\/strong>bedeutet<em>&nbsp;\u201eZu den Quellen\u201c<\/em>&nbsp;und war ein Motto der Humanisten in der Fr\u00fchen Neuzeit, die damit eine R\u00fcckbesinnung auf die Originaltexte, vor allem der griechischen Philosophen, forderten.<\/p>\n\n\n\n<p>Quelle: Wikipedia<\/p>\n\n\n\n<div style=\"height:16px\" aria-hidden=\"true\" class=\"wp-block-spacer\"><\/div>\n\n\n\n<h1 class=\"wp-block-heading\"><strong>\u00dcber die Br\u00fcder und Mitglieder der Freimaurer Loge \u201eAd Fontes\u201c<\/strong><\/h1>\n\n\n\n<div style=\"height:12px\" aria-hidden=\"true\" class=\"wp-block-spacer\"><\/div>\n\n\n\n<h2 class=\"wp-block-heading\"><strong>Wie alles begann \u2026<\/strong><\/h2>\n\n\n\n<p>R\u00fcckblickend verdichtet sich das erste Treffen der Br\u00fcder der zuk\u00fcnftigen Freimaurerloge \u201eAd Fontes\u201c zu einem historischen Moment und konnte kein Zufallsereignis sein. Die Monate des gegenseitigen Kennenlernens und der Erwartungen gipfeln in dem Entwurf einer maurerischen Gemeinschaft, der Initiative eine Loge gr\u00fcnden zu wollen und dem initialen Ereignis der <strong>Lichteinbringung<\/strong> im Mai 2025. Eine neue Bauh\u00fctte ist entstanden.&nbsp;<\/p>\n\n\n\n<h2 class=\"wp-block-heading\"><strong>Vision und Auf<\/strong>gabe<\/h2>\n\n\n\n<p>Inspiriert von der <strong>Vision<\/strong> maurerischen Wirkens jenseits wirtschaftlicher Abh\u00e4ngigkeiten und gesellschaftlicher Zw\u00e4nge, ohne Lametta und Pomp, ohne ausgrenzende Gleichg\u00fcltigkeit gegen\u00fcber kritischen Gedanken, im Umgang einander respektvoll gesonnen und in dem Bewusstsein, jederzeit als Vorbild zu wirken &#8211; das sollte uns Ansporn sein und ist unsere maurerische Homebase.<\/p>\n\n\n\n<p><\/p>\n\n\n\n<p>Wir, die Br\u00fcder der Loge \u201eAd Fontes\u201c definieren die Grundlagen der Freimaurerei nicht neu, sondern deuten diese in einem Sinnzusammenhang, der unserem Verst\u00e4ndnis nach Br\u00fcderlichkeit in Fairness und nach Toleranz als Anteilnahme entspringt. Wir verstehen als unsere <strong>Aufgabe<\/strong>, die vielf\u00e4ltige Welt des Freimaurertums um unsere Vorstellungen zu bereichern und als ein Angebot an alle Suchenden, sich der Freimaurerei zu n\u00e4hern. &nbsp;<\/p>\n\n\n\n<h2 class=\"wp-block-heading\"><strong>Die Br\u00fcder der Regensburger Bauh\u00fctte \u201eAd Fontes\u201c<\/strong><\/h2>\n\n\n\n<p>Elf aktive Br\u00fcder vereinen mehr als 100 Jahre freimaurerisches Wirken, basierend auf den sogenannten \u201eAlten Pflichten\u201c in der festen \u00dcberzeugung, mit diesen historischen Schriften aus der Gr\u00fcndungs\u00e4ra der Freimaurer die wichtigsten und alle relevanten <strong>Werkzeuge<\/strong> in die Hand bekommen zu haben f\u00fcr<\/p>\n\n\n\n<ul class=\"wp-block-list\">\n<li>gegenseitige Inspiration im Inneren und<\/li>\n\n\n\n<li>Wirken als Freimaurer nach Au\u00dfen;&nbsp;<\/li>\n\n\n\n<li>Begegnung in br\u00fcderlicher Harmonie<\/li>\n\n\n\n<li>Gegenseitige Wertsch\u00e4tzung<\/li>\n<\/ul>\n\n\n\n<h2 class=\"wp-block-heading\">E<strong>ine Bruderschaft&nbsp;<\/strong><\/h2>\n\n\n\n<p>Die Br\u00fcder der Freimaurer Loge \u201eAd Fontes\u201c gestalten ein Kaleidoskop unterschiedlicher Pers\u00f6nlichkeiten und Lebensl\u00e4ufe, jeder als individueller Freimaurer in einem maurerischen <strong>Bruderbund<\/strong>. Wir bilden eine Konstellation, die sich im profanen Leben so nie h\u00e4tte zusammenfinden k\u00f6nnen infolge unterschiedlicher Lebenslinien ohne \u201eSchnittpunkte\u201c; wir wirken gar trefflich zusammen im gesch\u00fctzten Raum unserer Bauh\u00fctte auf Basis der uns verbindenden Bekenntnisse zu den tradierten Regeln, die sich \u00fcber Jahrhunderte als ein solides Fundament zum Ein\u00fcben gegenseitigen Respekts wider aller zeitgeistlicher Str\u00f6mungen und gef\u00e4lligen Populismus bew\u00e4hrt haben.\u00a0<\/p>\n\n\n\n<h2 class=\"wp-block-heading\"><strong>Und was bedeutet das f\u00fcr Sie ?<\/strong><\/h2>\n\n\n\n<p>F\u00fchlen Sie sich angesprochen oder m\u00f6chten Sie <strong>mehr erfahren<\/strong> was die Br\u00fcder der \u201eAd Fontes\u201c oder einen freien Mann bewegt \u00fcberhaupt Freimaurer zu werden, so <a href=\"https:\/\/ad-fontes-regensburg.de\/?page_id=41\" title=\"Kontakt zur Freimaurerloge \u201eAd Fontes\u201c Regensburg\">kontaktieren<\/a> Sie uns unverbindlich. Erg\u00e4nzende Angaben zur Person, Motivation oder Ansto\u00df sich maurerischen Ideen zu n\u00e4hern helfen uns den geeigneten Bruder f\u00fcr Sie zu finden, der sich bei Ihnen melden wird.<\/p>\n\n\n\n<div style=\"height:23px\" aria-hidden=\"true\" class=\"wp-block-spacer\"><\/div>\n\n\n\n<div class=\"wp-block-group has-global-padding is-layout-constrained wp-block-group-is-layout-constrained\">\n<p class=\"has-text-align-center\"><mark style=\"background-color:rgba(0, 0, 0, 0);color:#0577ee\" class=\"has-inline-color\">Bereit zum Wandel<br>wird alles mir Lebenslust<br>nichts gibt\u2019s zu f\u00fcrchten.<\/mark> <\/p>\n\n\n\n<p class=\"has-text-align-center\"><mark style=\"background-color:rgba(0, 0, 0, 0);color:#0577ee\" class=\"has-inline-color\">Bereit zum Wandel<br>wird alles einfach und leicht<br>flieg Schmetterling flieg!<\/mark><\/p>\n<\/div>\n\n\n\n<p class=\"has-text-align-center\"><sub><em>Klaus Lehner<\/em><\/sub><\/p>\n\n\n\n<p><\/p>\n","protected":false},"excerpt":{"rendered":"<p>Ad fontes (lat.)&nbsp;bedeutet&nbsp;\u201eZu den Quellen\u201c&nbsp;und war ein Motto der Humanisten in der Fr\u00fchen Neuzeit, die damit eine R\u00fcckbesinnung auf die Originaltexte, vor allem der griechischen Philosophen, forderten. Quelle: Wikipedia \u00dcber die Br\u00fcder und Mitglieder der Freimaurer Loge \u201eAd Fontes\u201c Wie alles begann \u2026 R\u00fcckblickend verdichtet sich das erste Treffen der Br\u00fcder der zuk\u00fcnftigen Freimaurerloge \u201eAd [&hellip;]<\/p>\n","protected":false},"author":1,"featured_media":38,"parent":0,"menu_order":0,"comment_status":"closed","ping_status":"closed","template":"","meta":{"_monsterinsights_skip_tracking":false,"_monsterinsights_sitenote_active":false,"_monsterinsights_sitenote_note":"","_monsterinsights_sitenote_category":0,"footnotes":""},"class_list":["post-367","page","type-page","status-publish","has-post-thumbnail","hentry"],"aioseo_notices":[],"_links":{"self":[{"href":"https:\/\/ad-fontes-regensburg.de\/index.php?rest_route=\/wp\/v2\/pages\/367","targetHints":{"allow":["GET"]}}],"collection":[{"href":"https:\/\/ad-fontes-regensburg.de\/index.php?rest_route=\/wp\/v2\/pages"}],"about":[{"href":"https:\/\/ad-fontes-regensburg.de\/index.php?rest_route=\/wp\/v2\/types\/page"}],"author":[{"embeddable":true,"href":"https:\/\/ad-fontes-regensburg.de\/index.php?rest_route=\/wp\/v2\/users\/1"}],"replies":[{"embeddable":true,"href":"https:\/\/ad-fontes-regensburg.de\/index.php?rest_route=%2Fwp%2Fv2%2Fcomments&post=367"}],"version-history":[{"count":4,"href":"https:\/\/ad-fontes-regensburg.de\/index.php?rest_route=\/wp\/v2\/pages\/367\/revisions"}],"predecessor-version":[{"id":795,"href":"https:\/\/ad-fontes-regensburg.de\/index.php?rest_route=\/wp\/v2\/pages\/367\/revisions\/795"}],"wp:featuredmedia":[{"embeddable":true,"href":"https:\/\/ad-fontes-regensburg.de\/index.php?rest_route=\/wp\/v2\/media\/38"}],"wp:attachment":[{"href":"https:\/\/ad-fontes-regensburg.de\/index.php?rest_route=%2Fwp%2Fv2%2Fmedia&parent=367"}],"curies":[{"name":"wp","href":"https:\/\/api.w.org\/{rel}","templated":true}]}}