{"id":153,"date":"2025-03-15T00:05:00","date_gmt":"2025-03-14T23:05:00","guid":{"rendered":"https:\/\/ad-fontes-regensburg.de\/?page_id=153"},"modified":"2025-06-07T14:48:38","modified_gmt":"2025-06-07T12:48:38","slug":"lichteinbringung","status":"publish","type":"page","link":"https:\/\/ad-fontes-regensburg.de\/?page_id=153","title":{"rendered":"Der neuen Loge f\u00fcr Freimaurer wird das Licht gegeben"},"content":{"rendered":"\n<div style=\"height:20px\" aria-hidden=\"true\" class=\"wp-block-spacer\"><\/div>\n\n\n\n<p><strong>ES WERDE LICHT.    UND ES WURDE LICHT.<\/strong><\/p>\n\n\n\n<p><\/p>\n\n\n\n<p class=\"has-text-align-center\"><em>\u201eBlick\u00b4 ich umher in diesem edlen Kreise,<\/em><\/p>\n\n\n\n<p class=\"has-text-align-center\"><em>welch hoher Anblick macht mein Herz ergl\u00fchn!\u201c<\/em><\/p>\n\n\n\n<h3 class=\"wp-block-heading\">Auf Schlo\u00df Sch\u00f6nberg<\/h3>\n\n\n\n<p>Denke ich zur\u00fcck an den Samstag, den 17. Mai 2025, auf <a href=\"https:\/\/www.schloss-sch\u00f6nberg.de\">Schloss Sch\u00f6nberg<\/a> in Wenzenbach bei Regensburg, an unsere Lichteinbringung in der Loge \u201eAd Fontes\u201c, so schiebt sich mir zwangsl\u00e4ufig dieser Satz aus <a href=\"https:\/\/de.m.wikipedia.org\/wiki\/Tannh\u00e4user_und_der_S\u00e4ngerkrieg_auf_Wartburg\">Richard Wagners \u201eTannh\u00e4user\u201c<\/a> in mein Bewusstsein. Was war das doch f\u00fcr ein fabelhaftes Erlebnis \u2013 und das vor Allem deswegen, weil wir es gemeinsam mit Ihnen, liebe Br\u00fcder und Freunde, feiern durften. Daf\u00fcr bedanke ich mich herzlich, im Namen aller Br\u00fcder meiner guten Bauh\u00fctte!<\/p>\n\n\n\n<figure class=\"wp-block-image size-large\"><img loading=\"lazy\" decoding=\"async\" width=\"1024\" height=\"682\" src=\"https:\/\/ad-fontes-regensburg.de\/wp-content\/uploads\/2025\/05\/Tempel-2-1024x682.jpg\" alt=\"\" class=\"wp-image-195\" srcset=\"https:\/\/ad-fontes-regensburg.de\/wp-content\/uploads\/2025\/05\/Tempel-2-1024x682.jpg 1024w, https:\/\/ad-fontes-regensburg.de\/wp-content\/uploads\/2025\/05\/Tempel-2-300x200.jpg 300w, https:\/\/ad-fontes-regensburg.de\/wp-content\/uploads\/2025\/05\/Tempel-2-768x512.jpg 768w, https:\/\/ad-fontes-regensburg.de\/wp-content\/uploads\/2025\/05\/Tempel-2-1536x1024.jpg 1536w, https:\/\/ad-fontes-regensburg.de\/wp-content\/uploads\/2025\/05\/Tempel-2.jpg 2000w\" sizes=\"auto, (max-width: 1024px) 100vw, 1024px\" \/><\/figure>\n\n\n\n<p>Die feierliche Lichteinbringung beginnt um 11:00 Uhr und geschieht im Roten Salon des Schlosses in einer feierlichen Festarbeit im I. Grad. Das ewige Licht wird durch den ehrw\u00fcrdigsten <a href=\"https:\/\/3wk.org\">National-Gro\u00dfmeister<\/a> (NGM), den beiden zugeordneten NGMs und mit Unterst\u00fctzung von insgesamt 8 Br\u00fcdern des <a href=\"https:\/\/3wk.org\/home-3-2\/3wk\/organisation\/\">Bundesdirektoriums<\/a> (BDs) eingebracht.<\/p>\n\n\n\n<h3 class=\"wp-block-heading\">\u00dcbergabe von Patent und Dekret<\/h3>\n\n\n\n<p>Nach dem rituellen Gel\u00f6bnis des Meisters vom Stuhl (MvSt) werden Patent und Dekret der <a href=\"https:\/\/www.freimaurer.org\">VGLvD<\/a> sowie die Urkunde der <a href=\"https:\/\/de.m.wikipedia.org\/wiki\/Gro\u00dfe_National-Mutterloge_\u201eZu_den_drei_Weltkugeln\u201c\">GNML 3WK<\/a> durch den ehrw\u00fcrdigsten NGM verlesen. Die Loge \u201eAd Fontes\u201c tr\u00e4gt die <a href=\"https:\/\/3wk.org\/home-3-2\/3wk\/3wk-logen\/\">3WK<\/a>-Matrikel 372 und die <a href=\"https:\/\/www.freimaurer.org\/mitgliedsgrosslogen\/\">VGLvD<\/a>-Matrikel 1107.<\/p>\n\n\n\n<figure class=\"wp-block-image size-large\"><img loading=\"lazy\" decoding=\"async\" width=\"768\" height=\"1024\" src=\"https:\/\/ad-fontes-regensburg.de\/wp-content\/uploads\/2025\/05\/Tempel_b1-768x1024.jpeg\" alt=\"\" class=\"wp-image-191\" srcset=\"https:\/\/ad-fontes-regensburg.de\/wp-content\/uploads\/2025\/05\/Tempel_b1-768x1024.jpeg 768w, https:\/\/ad-fontes-regensburg.de\/wp-content\/uploads\/2025\/05\/Tempel_b1-225x300.jpeg 225w, https:\/\/ad-fontes-regensburg.de\/wp-content\/uploads\/2025\/05\/Tempel_b1-1152x1536.jpeg 1152w, https:\/\/ad-fontes-regensburg.de\/wp-content\/uploads\/2025\/05\/Tempel_b1.jpeg 1200w\" sizes=\"auto, (max-width: 768px) 100vw, 768px\" \/><\/figure>\n\n\n\n<p>Der Name der neuen Johannisloge stammt aus dem Lateinischen und bedeutet: \u201e<a href=\"https:\/\/de.m.wikipedia.org\/wiki\/Ad_fontes\">Zu den Quellen<\/a>\u201c. Er steht f\u00fcr die freimaurerische R\u00fcckbesinnung auf Ursprung, Klarheit und das Wesentliche. Ein Ausdruck von innerer Haltung \u2013 und ein Versprechen f\u00fcr die gemeinsame Arbeit.<\/p>\n\n\n\n<p>Gleichzeitig ist es aber auch ein Leitspruch und eine Erinnerung, an die ausl\u00f6senden Momente des Aufbruchs und der Verpflichtung an alle Br\u00fcder.<\/p>\n\n\n\n<figure class=\"wp-block-image size-large\"><img loading=\"lazy\" decoding=\"async\" width=\"1024\" height=\"682\" src=\"https:\/\/ad-fontes-regensburg.de\/wp-content\/uploads\/2025\/05\/Tempel-1024x682.jpg\" alt=\"\" class=\"wp-image-192\" srcset=\"https:\/\/ad-fontes-regensburg.de\/wp-content\/uploads\/2025\/05\/Tempel-1024x682.jpg 1024w, https:\/\/ad-fontes-regensburg.de\/wp-content\/uploads\/2025\/05\/Tempel-300x200.jpg 300w, https:\/\/ad-fontes-regensburg.de\/wp-content\/uploads\/2025\/05\/Tempel-768x512.jpg 768w, https:\/\/ad-fontes-regensburg.de\/wp-content\/uploads\/2025\/05\/Tempel-1536x1024.jpg 1536w, https:\/\/ad-fontes-regensburg.de\/wp-content\/uploads\/2025\/05\/Tempel.jpg 2000w\" sizes=\"auto, (max-width: 1024px) 100vw, 1024px\" \/><\/figure>\n\n\n\n<h3 class=\"wp-block-heading\">Freimaurer aus dem gesamten Bundesgebiet<\/h3>\n\n\n\n<p>45 Br\u00fcder aus dem gesamten Bundesgebiet und aus unterschiedlichen <a href=\"https:\/\/www.freimaurer-wiki.de\/index.php\/Ob\u00f6dienz\">Ob\u00f6dienzen<\/a> nehmen an dieser <a href=\"https:\/\/www.freimaurer-wiki.de\/index.php\/Tempelarbeit\">Tempelarbeit<\/a> teil, darunter 17 <a href=\"https:\/\/de.m.wikipedia.org\/wiki\/Freimaurerloge\">Logen<\/a> aus 14 <a href=\"https:\/\/www.freimaurer-wiki.de\/index.php\/Orient#Wikipedia\">Orienten<\/a>. Es folgt die namentliche Begr\u00fc\u00dfung des Bundesdirektoriums (BD) und der <a href=\"https:\/\/3wk.org\/home-3-2\/3wk\/3wk-logen\/\">besuchenden Br\u00fcder<\/a>. Besonderer Dank gilt dem ehrw\u00fcrdigsten NGM f\u00fcr die Entsendung des zugeordneten NGM und einem Mitglied des BDs , die es der Loge \u201eAd Fontes\u201c als deren kluge Begleiter und F\u00fcrsprecher erst erm\u00f6glichen, das Licht in dieser bemerkenswert kurzen und angenehmen Zeit einzubringen. Als Zeichen der besonderen Verbundenheit \u00fcberreicht der Meister vom Stuhl (<a href=\"https:\/\/de.m.wikipedia.org\/wiki\/Meister_vom_Stuhl\" title=\"\">MvSt<\/a>) dem ehrw\u00fcrdigsten NGM das Bijou der Loge \u201eAd Fontes\u201c. Der begleitende Bruder wird feierlich zum Ehrenmitglied der jungen Loge ernannt; er erh\u00e4lt eine Ehrenurkunde und das <a href=\"https:\/\/www.freimaurer-wiki.de\/index.php\/Bijou\">Logenbijou<\/a>.<\/p>\n\n\n\n<h3 class=\"wp-block-heading\">Die Festschrift der &#8222;Ad Fontes&#8220; i. Or. Regensburg<\/h3>\n\n\n\n<figure class=\"wp-block-image size-large\"><img loading=\"lazy\" decoding=\"async\" width=\"768\" height=\"1024\" src=\"https:\/\/ad-fontes-regensburg.de\/wp-content\/uploads\/2025\/05\/Festschrift-768x1024.jpg\" alt=\"\" class=\"wp-image-222\" srcset=\"https:\/\/ad-fontes-regensburg.de\/wp-content\/uploads\/2025\/05\/Festschrift-768x1024.jpg 768w, https:\/\/ad-fontes-regensburg.de\/wp-content\/uploads\/2025\/05\/Festschrift-225x300.jpg 225w, https:\/\/ad-fontes-regensburg.de\/wp-content\/uploads\/2025\/05\/Festschrift-1152x1536.jpg 1152w, https:\/\/ad-fontes-regensburg.de\/wp-content\/uploads\/2025\/05\/Festschrift.jpg 1200w\" sizes=\"auto, (max-width: 768px) 100vw, 768px\" \/><figcaption class=\"wp-element-caption\">Festschrift zur Lichteinbringung der Johannis-Freimaurerloge &#8222;Ad Fontes&#8220; i. Or. Regensburg<\/figcaption><\/figure>\n\n\n\n<p>Besondere Sorgfalt wird auf die Redaktion und Gestaltung der Festschrift zur Lichteinbringung verwendet. Diese Schrift ist bedeutsam, dient sie doch nicht nur als wichtiges Zeitdokument, sondern informiert auch \u00fcber die Ziele und Absichten der jungen Loge. Ihre \u00dcbergabe erfolgt pers\u00f6nlich an jeden besuchenden Bruder durch den MvSt. <\/p>\n\n\n\n<figure class=\"wp-block-image size-large\"><img loading=\"lazy\" decoding=\"async\" width=\"768\" height=\"1024\" src=\"https:\/\/ad-fontes-regensburg.de\/wp-content\/uploads\/2025\/05\/Kanone-768x1024.jpg\" alt=\"\" class=\"wp-image-223\" srcset=\"https:\/\/ad-fontes-regensburg.de\/wp-content\/uploads\/2025\/05\/Kanone-768x1024.jpg 768w, https:\/\/ad-fontes-regensburg.de\/wp-content\/uploads\/2025\/05\/Kanone-225x300.jpg 225w, https:\/\/ad-fontes-regensburg.de\/wp-content\/uploads\/2025\/05\/Kanone-1152x1536.jpg 1152w, https:\/\/ad-fontes-regensburg.de\/wp-content\/uploads\/2025\/05\/Kanone.jpg 1200w\" sizes=\"auto, (max-width: 768px) 100vw, 768px\" \/><figcaption class=\"wp-element-caption\">Kanone anl\u00e4\u00dflich der Lichteinbringung der Johannis-Freimaurerloge &#8222;Ad Fontes&#8220; i. Or. Regensburg<\/figcaption><\/figure>\n\n\n\n<p>Die besuchenden Mitglieder des BDs erhalten zudem jeweils eine 7-eckige <a href=\"https:\/\/www.freimaurer-wiki.de\/index.php\/Kanonen_und_Gl\u00e4ser\">Klotzfu\u00dfkanone<\/a>, auf ihr wurde von der <a href=\"https:\/\/www.joska.com\/index.html\">Firma Joska<\/a>, aus dem Bayerischen Wald, das Bijou der Loge detailreich eingraviert. Eine Packung Kaffeebohnen aus der R\u00f6sterei eines Bruders rundet die bunte Geschenkpalette aromatisch ab.<\/p>\n\n\n\n<figure class=\"wp-block-image size-large\"><img loading=\"lazy\" decoding=\"async\" width=\"1024\" height=\"576\" src=\"https:\/\/ad-fontes-regensburg.de\/wp-content\/uploads\/2025\/05\/Torte-1024x576.jpg\" alt=\"\" class=\"wp-image-194\" srcset=\"https:\/\/ad-fontes-regensburg.de\/wp-content\/uploads\/2025\/05\/Torte-1024x576.jpg 1024w, https:\/\/ad-fontes-regensburg.de\/wp-content\/uploads\/2025\/05\/Torte-300x169.jpg 300w, https:\/\/ad-fontes-regensburg.de\/wp-content\/uploads\/2025\/05\/Torte-768x432.jpg 768w, https:\/\/ad-fontes-regensburg.de\/wp-content\/uploads\/2025\/05\/Torte-1536x864.jpg 1536w, https:\/\/ad-fontes-regensburg.de\/wp-content\/uploads\/2025\/05\/Torte.jpg 2000w\" sizes=\"auto, (max-width: 1024px) 100vw, 1024px\" \/><\/figure>\n\n\n\n<h3 class=\"wp-block-heading\">Nach getaner Arbeit im Kreis der Br\u00fcder<\/h3>\n\n\n\n<p>Ab 13:00 Uhr locken italienische K\u00f6stlichkeiten die Br\u00fcder in das Kellergew\u00f6lbe und die imposante Eingangshalle des ehemaligen Burgpalais. Hier stehen viele kleine Inseln zum geselligen Beisammensein bereit. Der strahlende Sonnenschein l\u00e4dt zum hedonistischen Verweilen im malerischen Schlossgarten ein; auch die beiden Schlossbesitzer gesellen sich begeistert dazu. Zwischen duftenden Pfirsich und Zitronenb\u00e4umen, Weinreben und Gem\u00fcsehochbeeten schweift der Blick, hinein in die Baumkronen der weitl\u00e4ufigen W\u00e4lder. Wunderbar fr\u00f6hliche, pers\u00f6nliche und tiefsinnige Worte werden gewechselt und Anekdotisches ausgetauscht<\/p>\n\n\n\n<figure class=\"wp-block-image size-large\"><img loading=\"lazy\" decoding=\"async\" width=\"1024\" height=\"700\" src=\"https:\/\/ad-fontes-regensburg.de\/wp-content\/uploads\/2025\/02\/AFR_final-1024x700.png\" alt=\"\" class=\"wp-image-43\" srcset=\"https:\/\/ad-fontes-regensburg.de\/wp-content\/uploads\/2025\/02\/AFR_final-1024x700.png 1024w, https:\/\/ad-fontes-regensburg.de\/wp-content\/uploads\/2025\/02\/AFR_final-300x205.png 300w, https:\/\/ad-fontes-regensburg.de\/wp-content\/uploads\/2025\/02\/AFR_final-768x525.png 768w, https:\/\/ad-fontes-regensburg.de\/wp-content\/uploads\/2025\/02\/AFR_final-1536x1050.png 1536w, https:\/\/ad-fontes-regensburg.de\/wp-content\/uploads\/2025\/02\/AFR_final.png 1600w\" sizes=\"auto, (max-width: 1024px) 100vw, 1024px\" \/><figcaption class=\"wp-element-caption\">Das Bijou der Johannisloge Ad Fontes i. Or. Regensburg<\/figcaption><\/figure>\n\n\n\n<p>Besonders freuen sich die Br\u00fcder der \u201eAd Fontes\u201c \u00fcber die mit Bedacht ausgesuchten und mit aufwendigen herzlichen W\u00fcnschen \u00fcbergebenen Geschenke, darunter eine antike Ballotage aus England, Rituale, B\u00fccher, Bijous und vieles mehr. Es ergehen Einladungen f\u00fcr Jubil\u00e4en und traditionelle freimaurerische Veranstaltungen.<\/p>\n\n\n\n<p>Viele H\u00e4nde werden an diesem Tag unter den Br\u00fcdern gesch\u00fcttelt und vielfach die Bruderkette geschlungen. In Hans-Christian Andersens Kinderbuch \u201eDer Schmetterling\u201c findet sich dazu ein passender Satz:<\/p>\n\n\n\n<p><em>\u201eLeben ist nicht genug\u201c<\/em>&nbsp;sagt dort der Schmetterling,&nbsp;<em>\u201eSonnenschein, Freiheit und eine kleine Blum<\/em>e <em>geh\u00f6ren dazu!\u201c&nbsp;<\/em><\/p>\n\n\n\n<p>Wie Recht dieser schlaue Schmetterling doch damit hat&#8230;<\/p>\n\n\n\n<div style=\"height:27px\" aria-hidden=\"true\" class=\"wp-block-spacer\"><\/div>\n\n\n\n<figure class=\"wp-block-image size-large\"><img loading=\"lazy\" decoding=\"async\" width=\"1024\" height=\"576\" src=\"https:\/\/ad-fontes-regensburg.de\/wp-content\/uploads\/2025\/05\/Torte-3-1024x576.jpg\" alt=\"\" class=\"wp-image-193\" srcset=\"https:\/\/ad-fontes-regensburg.de\/wp-content\/uploads\/2025\/05\/Torte-3-1024x576.jpg 1024w, https:\/\/ad-fontes-regensburg.de\/wp-content\/uploads\/2025\/05\/Torte-3-300x169.jpg 300w, https:\/\/ad-fontes-regensburg.de\/wp-content\/uploads\/2025\/05\/Torte-3-768x432.jpg 768w, https:\/\/ad-fontes-regensburg.de\/wp-content\/uploads\/2025\/05\/Torte-3-1536x864.jpg 1536w, https:\/\/ad-fontes-regensburg.de\/wp-content\/uploads\/2025\/05\/Torte-3.jpg 2000w\" sizes=\"auto, (max-width: 1024px) 100vw, 1024px\" \/><\/figure>\n\n\n\n<p>Um 14:30 Uhr l\u00e4utet der poetisch vorgetragene Trinkspruch des Logenredners das Anschneiden der Festtorte ein. Ein weiterer \u201eAd Fontes\u201c-Bruder hat zu diesem Anlass, mit viel Hingabe und Akribie, ein wahres Kuchen-Meisterst\u00fcck erschaffen. Das Kaffeetrinken l\u00e4utet gleichzeitig aber auch das Ausklingen dieses denkw\u00fcrdigen Tages ein.<\/p>\n\n\n\n<h3 class=\"wp-block-heading\">Schlussakkord und Besinnung <\/h3>\n\n\n\n<p>Gegen 15:30 Uhr gehen das Bundesdirektorium und die besuchenden Br\u00fcder wieder in den Alltag hinaus, um sich auch im profanen Leben zu bew\u00e4hren. Meine Br\u00fcder und ich ziehen uns in den Roten Salon zur\u00fcck und lassen die vergangenen Stunden noch einmal innerlich an uns vor\u00fcberziehen. Wir alle wissen, dass wir soeben Zeugen einer Sternstunde der Freimaurerei gewesen sind. Und so hoffe ich, mindestens genau so sehr, wie ich es mir w\u00fcnsche, dass aus unserer jungen Loge ein lebendiger Kraftort freimaurerischer Arbeit erw\u00e4chst. Damit beende ich nun meine Dankesworte, wie ich sie begann, mit einem Satz aus der ein gangs zitierten Legendenballade \u201eTannh\u00e4user\u201c:<\/p>\n\n\n\n<div class=\"wp-block-group has-global-padding is-layout-constrained wp-block-group-is-layout-constrained\">\n<div class=\"wp-block-group has-global-padding is-layout-constrained wp-block-group-is-layout-constrained\">\n<p class=\"has-text-align-center\"><em>\u201eIhr Edlen m\u00f6gt in diesen Worten lesen,<\/em><\/p>\n\n\n\n<p class=\"has-text-align-center\"><em>wie ich erkenn\u00b4 der Liebe reinstes Wesen!\u201c<\/em><\/p>\n<\/div>\n\n\n\n<blockquote class=\"wp-block-quote is-layout-flow wp-block-quote-is-layout-flow\"><\/blockquote>\n<\/div>\n\n\n\n<p><\/p>\n","protected":false},"excerpt":{"rendered":"<p>ES WERDE LICHT. UND ES WURDE LICHT. \u201eBlick\u00b4 ich umher in diesem edlen Kreise, welch hoher Anblick macht mein Herz ergl\u00fchn!\u201c Auf Schlo\u00df Sch\u00f6nberg Denke ich zur\u00fcck an den Samstag, den 17. Mai 2025, auf Schloss Sch\u00f6nberg in Wenzenbach bei Regensburg, an unsere Lichteinbringung in der Loge \u201eAd Fontes\u201c, so schiebt sich mir zwangsl\u00e4ufig dieser [&hellip;]<\/p>\n","protected":false},"author":1,"featured_media":0,"parent":0,"menu_order":0,"comment_status":"closed","ping_status":"closed","template":"","meta":{"_monsterinsights_skip_tracking":false,"_monsterinsights_sitenote_active":false,"_monsterinsights_sitenote_note":"","_monsterinsights_sitenote_category":0,"footnotes":""},"class_list":["post-153","page","type-page","status-publish","hentry"],"aioseo_notices":[],"_links":{"self":[{"href":"https:\/\/ad-fontes-regensburg.de\/index.php?rest_route=\/wp\/v2\/pages\/153","targetHints":{"allow":["GET"]}}],"collection":[{"href":"https:\/\/ad-fontes-regensburg.de\/index.php?rest_route=\/wp\/v2\/pages"}],"about":[{"href":"https:\/\/ad-fontes-regensburg.de\/index.php?rest_route=\/wp\/v2\/types\/page"}],"author":[{"embeddable":true,"href":"https:\/\/ad-fontes-regensburg.de\/index.php?rest_route=\/wp\/v2\/users\/1"}],"replies":[{"embeddable":true,"href":"https:\/\/ad-fontes-regensburg.de\/index.php?rest_route=%2Fwp%2Fv2%2Fcomments&post=153"}],"version-history":[{"count":22,"href":"https:\/\/ad-fontes-regensburg.de\/index.php?rest_route=\/wp\/v2\/pages\/153\/revisions"}],"predecessor-version":[{"id":279,"href":"https:\/\/ad-fontes-regensburg.de\/index.php?rest_route=\/wp\/v2\/pages\/153\/revisions\/279"}],"wp:attachment":[{"href":"https:\/\/ad-fontes-regensburg.de\/index.php?rest_route=%2Fwp%2Fv2%2Fmedia&parent=153"}],"curies":[{"name":"wp","href":"https:\/\/api.w.org\/{rel}","templated":true}]}}